{"id":1124,"date":"2019-05-09T22:11:07","date_gmt":"2019-05-09T20:11:07","guid":{"rendered":"https:\/\/calderamassages.gr\/a-propos-de-nous\/"},"modified":"2023-04-30T11:37:17","modified_gmt":"2023-04-30T09:37:17","slug":"a-propos-de-nous","status":"publish","type":"page","link":"https:\/\/santorini-massages.com\/fr\/a-propos-de-nous\/","title":{"rendered":"A Propos de Nous"},"content":{"rendered":"<section class=\"wpb-content-wrapper\"><p>[vc_row wrap_container=\u00a0\u00bbyes\u00a0\u00bb css=\u00a0\u00bb.vc_custom_1630699961301{margin-top: -100px !important;padding-bottom: 49px !important;}\u00a0\u00bb el_class=\u00a0\u00bbcustom-container-background testimonial-section\u00a0\u00bb][vc_column css=\u00a0\u00bb.vc_custom_1630699782377{padding-top: 84px !important;}\u00a0\u00bb][vc_row_inner][vc_column_inner]<div class=\"porto-u-heading position-relative z-index-1 mb-0  wpb_custom_dfbc90bfd5d6d4c195a7d655a5ed406c porto-u-1341\" data-appear-animation=\"fadeInUp\" data-appear-animation-delay=\"200\"><div class=\"porto-u-main-heading\"><h2   style=\"margin-bottom: 20px;\">Caldera Massages Studio<\/h2><\/div><div class=\"porto-u-sub-heading\" style=\"margin-bottom:24px;\">Caldera Massages Studio, situ\u00e9 en haut de la falaise d\u2019Oia, surplombant la mer, f\u00fbt cr\u00e9\u00e9 en 2006 comme le parfait antidote au stress et au surmenage de la vie contemporaine mouvement\u00e9e. Un endroit sine qua non pour les connaisseurs en massages qui souhaitent compl\u00e9menter leur s\u00e9jour\u00e9 &amp; d\u00e9tente \u00e0 Santorin avec un massage de qualit\u00e9..<\/p>\n<p>Au d\u00e9but, le Studio a ouvert ses portes juste \u00e0 c\u00f4t\u00e9 de la c\u00e9l\u00e8bre \u00e9glise aux trois d\u00f4mes bleus et dans le cadre de 1864- The Sea Captain\u2019s house, dans la maison troglodyte adjacente \u00e0 ce petit h\u00f4tel de charme. Tr\u00e8s vite, nous avons remarqu\u00e9 que nos clients devaient souvent se pr\u00e9cipiter apr\u00e8s leur traitement pour aller trouver une place pour le spectacle du soir &#8211; le coucher de soleil tant convoit\u00e9 d&rsquo;Oia, dans le quartier de Kastro. Ainsi, en 2010, nous avons d\u00e9cid\u00e9 de d\u00e9m\u00e9nager le Studio dans un nouvel emplacement, mais cette fois face au soleil couchant, compl\u00e9tant ainsi nos services et \u00e9pargnant la pr\u00e9cipitation stressante \u00e0 nos clients. La tendance \u00ab massage au coucher du soleil \u00bb \u00e0 Santorin f\u00fbt n\u00e9e.<\/p>\n<p>Notre premier objectif de fournir un massage complet et de haute qualit\u00e9 a \u00e9t\u00e9 enrichi au fil des ans avec quelques ajouts permettant \u00e0 nos clients non seulement de recevoir un bon massage, mais aussi de ramener \u00e0 la maison des souvenirs durables.<\/p>\n<p>&nbsp;<\/p>\n<p>&nbsp;<\/div><style>.porto-u-1341.porto-u-heading{text-align:left}<\/style><\/div>[\/vc_column_inner][\/vc_row_inner]<div class=\"porto-u-heading position-relative z-index-1 mb-0  wpb_custom_dfbc90bfd5d6d4c195a7d655a5ed406c porto-u-3959\" data-appear-animation=\"fadeInUp\" data-appear-animation-delay=\"200\"><div class=\"porto-u-main-heading\"><h2   style=\"margin-bottom: 20px;\">Qui est derri\u00e8re le concept <strong> Caldera Massages Studio<\/strong><\/h2><\/div><div class=\"porto-u-sub-heading\" style=\"margin-bottom:24px;\">\n<h3 class=\"image-title\">Bonjour, je m\u2019appelle Antonio Totev<\/h3>\n<p>Je suis d\u2019origine bulgare naturalis\u00e9 fran\u00e7ais, mais je vis en Gr\u00e8ce. Ma formation est en physioth\u00e9rapie, dipl\u00f4me de l\u2019universit\u00e9 m\u00e9dicale de Varna, Bulgarie et en acupuncture chinoise \u00e0 l\u2019IEATC (Institut d\u2019\u00c9nerg\u00e9tique et Acupuncture Traditionnelles Chinoises), Paris. J\u2019au \u00e9galement suivi nombre de cours et de formations diff\u00e9rentes.<\/p>\n<p><img decoding=\"async\" class=\"float-end img-fluid rounded-circle me-4 mb-4\" src=\"https:\/\/santorini-massages.com\/wp-content\/uploads\/2023\/02\/Antonio-Santorini.jpg\" alt=\"\" width=\"300\" \/><\/div><style>.porto-u-3959.porto-u-heading{text-align:left}<\/style><\/div><div class=\"porto-u-heading position-relative z-index-1  wpb_custom_fcc1f1f3da25ef876104f43caa3a0aa9 porto-u-4162\" data-appear-animation=\"fadeInUp\" data-appear-animation-delay=\"200\"><div class=\"porto-u-sub-heading\" style=\"margin-bottom:32px;\">En 2004 Je suis arriv\u00e9 \u00e0 Santorin et j\u2019ai commenc\u00e9 \u00e0 travailler petit \u00e0 petit sur l\u2019id\u00e9e d\u2019un Studio de massages. \u201cStudio\u201d du mot latin \u201cstudere\u201d- \u00e9tudier, apprendre, car l\u2019id\u00e9e d\u2019apprendre et de se d\u00e9velopper est \u00e0 la base du concept du Caldera Massages Studio qui a ouvert officiellement ses portes en 2006.<\/p>\n<p>Je suis reconnaissant d\u2019avoir eu la chance de croiser chemin avec des professeurs d\u2019exception qui m\u2019ont inspir\u00e9 et appris leur savoir que je transmets \u00e0 mon tour \u00e0 mon \u00e9quipe. Ici je vais \u00e9num\u00e9rer trois d\u2019entre eux qui ont eu l\u2019influence la plus marquante sur moi, mais il y a beaucoup d\u2019autres.<\/div><style>.porto-u-4162.porto-u-heading{text-align:left}<\/style><\/div><div class=\"porto-testimonial wpb_content_element appear-animation  mb-0  wpb_custom_4760b66c0cbf51ec9a7673f3785bca75\" data-appear-animation=\"fadeInUp\" data-appear-animation-delay=\"200\"><div class=\"testimonial testimonial-transparent-background\"><blockquote style=\"color:#777777\"><p>Here I will mention three who really had a strong influence on me,<br \/>\nbut there are many others.<\/p><\/blockquote><div class=\"testimonial-author\"><p><strong><\/strong><span><\/span><\/p><\/div><\/div><\/div><div class=\"porto-u-heading position-relative z-index-1  wpb_custom_fcc1f1f3da25ef876104f43caa3a0aa9 porto-u-8464\" data-appear-animation=\"fadeInUp\" data-appear-animation-delay=\"200\"><div class=\"porto-u-sub-heading\" style=\"margin-bottom:32px;\">\n<ul>\n<li>Madame Okutsu san, comme on l\u2019appelait, la formatrice japonaise pour Shiseido Europe. J\u2019ai travaill\u00e9 \u00e0 \u201cShiseido La Beaut\u00e9\u201d, place de la Madeleine, Paris de 2002 \u00e0 2004. Okutsu san \u00e9tait \u00e9galement un ma\u00eetre dans l\u2019art japonais du th\u00e9 &#8211; la c\u00e9r\u00e9monie du th\u00e9 et d\u2019elle j\u2019ai appris les secrets de la d\u00e9licatesse d\u2019une geisha au moment d\u2019effectuer un traitement de beaut\u00e9 ou bien un massage du visage et les mains.<\/li>\n<li>Fr\u00e9d\u00e9ric Bonfils cr\u00e9ateur de l\u2019institut Figari, Paris. C\u2019est un p\u00e9dagogue excellent qui a su r\u00e9unir \u00e0 travers ses voyages de diff\u00e9rentes techniques de massages traditionnels et cumuler ce savoir des quatre coins du monde.<\/li>\n<li><span class=\"Apple-converted-space\">Thierry Bollet, le cr\u00e9ateur de la plus vieille \u00e9cole d\u2019acupuncture de France, lui m\u00eame \u00e9l\u00e8ve de Laville M\u00e9ry, J. Borsarello et T. Gaurier qui nous transmettait l\u2019essence du savoir acupunctural chinois. <\/span><\/li>\n<\/ul>\n<p><strong>ANTONIO TOTEV &#8211; CEO &amp; FOUNDER<\/strong><\/div><style>.porto-u-8464.porto-u-heading{text-align:left}<\/style><\/div>[vc_single_image image=\u00a0\u00bb725&Prime; img_size=\u00a0\u00bbfull\u00a0\u00bb animation_delay=\u00a0\u00bb400&Prime; css=\u00a0\u00bb.vc_custom_1675091809911{padding-bottom: 36px !important;padding-left: 36px !important;}\u00a0\u00bb el_class=\u00a0\u00bbmb-0&Prime; animation_type=\u00a0\u00bbfadeInUp\u00a0\u00bb][vc_row_inner][vc_column_inner width=\u00a0\u00bb1\/3&Prime;][vc_hoverbox image=\u00a0\u00bb713&Prime; primary_title=\u00a0\u00bbL\u2019\u00e9quipe Caldera Massages Studio\u00a0\u00bb hover_title=\u00a0\u00bbL\u2019\u00e9quipe Caldera Massages Studio\u00a0\u00bb hover_background_color=\u00a0\u00bbcustom\u00a0\u00bb css_animation=\u00a0\u00bbfadeInLeft\u00a0\u00bb hover_custom_background=\u00a0\u00bb#c9e0dd\u00a0\u00bb]<\/p>\n<div class=\"image-pro-entity image-pro-caption\">Notre personnel a re\u00e7u une formation pouss\u00e9e, de l\u2019exp\u00e9rience, applique une approche personnalis\u00e9e et un m\u00e9lange de savoir ancestral et moderne du corps humain dans le but d\u2019offrir le meilleur massage possible. Nos masseurs maitrisent le massage deep tissue, relaxant ou tonifiant et s\u2019adapteront \u00e0 vos besoins. Une \u00e9quipe de professionnels qui fera de votre exp\u00e9rience \u00e0 Santorin un souvenir inoubliable et de qualit\u00e9<\/div>\n<div><\/div>\n<div><\/div>\n<div><\/div>\n<p>[\/vc_hoverbox][\/vc_column_inner][vc_column_inner width=\u00a0\u00bb1\/3&Prime;][vc_hoverbox image=\u00a0\u00bb714&Prime; primary_title=\u00a0\u00bbUn emplacement unique\u00a0\u00bb hover_title=\u00a0\u00bbUn emplacement unique\u00a0\u00bb css_animation=\u00a0\u00bbfadeInUp\u00a0\u00bb css=\u00a0\u00bb.vc_custom_1676562084053{padding-top: 20px !important;}\u00a0\u00bb]<\/p>\n<div class=\"image-pro-entity image-pro-caption\">Un am\u00e9nagement soign\u00e9 et une attention au d\u00e9tail ont pour r\u00e9sultat la cr\u00e9ation d\u2019un espace d\u2019inspiration Zen qui associe le myst\u00e8re et le charme traditionnel d\u2019une maison troglodyte de la Caldera, de la terrasse qui donne sur le fameux coucher du soleil d\u2019Oia \u00e0 un service attentif et professionnel. L\u2019endroit par excellence pour votre bien-\u00eatre.<\/div>\n<p>&nbsp;<\/p>\n<p>&nbsp;<\/p>\n<p>[\/vc_hoverbox][\/vc_column_inner][vc_column_inner width=\u00a0\u00bb1\/3&Prime;][vc_hoverbox image=\u00a0\u00bb712&Prime; primary_title=\u00a0\u00bbMassage et Aromath\u00e9rapie\u00a0\u00bb hover_title=\u00a0\u00bbMassage et Aromath\u00e9rapie\u00a0\u00bb hover_background_color=\u00a0\u00bbcustom\u00a0\u00bb css_animation=\u00a0\u00bbfadeInRight\u00a0\u00bb hover_custom_background=\u00a0\u00bb#c9e0dd\u00a0\u00bb]Profitez d\u2019une vraie exp\u00e9rience d\u2019aromath\u00e9rapie- tous nos traitements sont bas\u00e9s sur l\u2019aromath\u00e9rapie traditionnelle. Les huiles essentielles aident \u00e0 calmer les tensions- les douleurs de tous les jours, \u00e9quilibrent les \u00e9motions, permettent \u00e0 l\u2019esprit \u00e0 retrouver le calme et l\u2019harmonie. Choisissez votre huile de massage aux huiles essentielles. Nos huiles essentielles sont biologiquement et biochimiquement d\u00e9termin\u00e9es, certifi\u00e9es par ECOCERT. Ecocert Certified.<\/p>\n<p>[\/vc_hoverbox][\/vc_column_inner][\/vc_row_inner][\/vc_column][\/vc_row]<\/p>\n<\/section>","protected":false},"excerpt":{"rendered":"<p>[vc_row wrap_container=\u00a0\u00bbyes\u00a0\u00bb css=\u00a0\u00bb.vc_custom_1630699961301{margin-top: -100px !important;padding-bottom: 49px !important;}\u00a0\u00bb el_class=\u00a0\u00bbcustom-container-background testimonial-section\u00a0\u00bb][vc_column css=\u00a0\u00bb.vc_custom_1630699782377{padding-top: 84px !important;}\u00a0\u00bb][vc_row_inner][vc_column_inner][\/vc_column_inner][\/vc_row_inner][vc_single_image image=\u00a0\u00bb725&Prime; img_size=\u00a0\u00bbfull\u00a0\u00bb animation_delay=\u00a0\u00bb400&Prime; css=\u00a0\u00bb.vc_custom_1675091809911{padding-bottom: 36px !important;padding-left: 36px !important;}\u00a0\u00bb el_class=\u00a0\u00bbmb-0&Prime; animation_type=\u00a0\u00bbfadeInUp\u00a0\u00bb][vc_row_inner][vc_column_inner width=\u00a0\u00bb1\/3&Prime;][vc_hoverbox image=\u00a0\u00bb713&Prime; primary_title=\u00a0\u00bbL\u2019\u00e9quipe Caldera Massages Studio\u00a0\u00bb hover_title=\u00a0\u00bbL\u2019\u00e9quipe Caldera Massages Studio\u00a0\u00bb hover_background_color=\u00a0\u00bbcustom\u00a0\u00bb css_animation=\u00a0\u00bbfadeInLeft\u00a0\u00bb hover_custom_background=\u00a0\u00bb#c9e0dd\u00a0\u00bb] Notre personnel a re\u00e7u une formation pouss\u00e9e, de l\u2019exp\u00e9rience, applique une approche personnalis\u00e9e et un m\u00e9lange de savoir ancestral et [&hellip;]<\/p>\n","protected":false},"author":5,"featured_media":0,"parent":0,"menu_order":0,"comment_status":"closed","ping_status":"closed","template":"","meta":{"footnotes":""},"class_list":["post-1124","page","type-page","status-publish","hentry"],"_links":{"self":[{"href":"https:\/\/santorini-massages.com\/fr\/wp-json\/wp\/v2\/pages\/1124","targetHints":{"allow":["GET"]}}],"collection":[{"href":"https:\/\/santorini-massages.com\/fr\/wp-json\/wp\/v2\/pages"}],"about":[{"href":"https:\/\/santorini-massages.com\/fr\/wp-json\/wp\/v2\/types\/page"}],"author":[{"embeddable":true,"href":"https:\/\/santorini-massages.com\/fr\/wp-json\/wp\/v2\/users\/5"}],"replies":[{"embeddable":true,"href":"https:\/\/santorini-massages.com\/fr\/wp-json\/wp\/v2\/comments?post=1124"}],"version-history":[{"count":7,"href":"https:\/\/santorini-massages.com\/fr\/wp-json\/wp\/v2\/pages\/1124\/revisions"}],"predecessor-version":[{"id":1271,"href":"https:\/\/santorini-massages.com\/fr\/wp-json\/wp\/v2\/pages\/1124\/revisions\/1271"}],"wp:attachment":[{"href":"https:\/\/santorini-massages.com\/fr\/wp-json\/wp\/v2\/media?parent=1124"}],"curies":[{"name":"wp","href":"https:\/\/api.w.org\/{rel}","templated":true}]}}